{"id":946,"date":"2024-01-16T10:55:15","date_gmt":"2024-01-16T10:55:15","guid":{"rendered":"https:\/\/medculturecapital.com\/centre-dinformation"},"modified":"2025-08-28T15:58:25","modified_gmt":"2025-08-28T15:58:25","slug":"centre-dinformation","status":"publish","type":"page","link":"https:\/\/medculturecapital.com\/fr\/centre-dinformation","title":{"rendered":"Centre d&rsquo;information"},"content":{"rendered":"\t\t<div data-elementor-type=\"wp-page\" data-elementor-id=\"946\" class=\"elementor elementor-946 elementor-438\" data-elementor-post-type=\"page\">\n\t\t\t\t\t\t<section class=\"elementor-section elementor-top-section elementor-element elementor-element-5abb851 elementor-section-boxed elementor-section-height-default elementor-section-height-default\" data-id=\"5abb851\" data-element_type=\"section\" data-e-type=\"section\" data-settings=\"{&quot;background_background&quot;:&quot;classic&quot;}\">\n\t\t\t\t\t\t<div class=\"elementor-container elementor-column-gap-default\">\n\t\t\t\t\t<div class=\"elementor-column elementor-col-100 elementor-top-column elementor-element elementor-element-91df63e\" data-id=\"91df63e\" data-element_type=\"column\" data-e-type=\"column\">\n\t\t\t<div class=\"elementor-widget-wrap elementor-element-populated\">\n\t\t\t\t\t\t<section class=\"elementor-section elementor-inner-section elementor-element elementor-element-2dfeffc elementor-section-boxed elementor-section-height-default elementor-section-height-default\" data-id=\"2dfeffc\" data-element_type=\"section\" data-e-type=\"section\">\n\t\t\t\t\t\t<div class=\"elementor-container elementor-column-gap-default\">\n\t\t\t\t\t<div class=\"elementor-column elementor-col-50 elementor-inner-column elementor-element elementor-element-a6755a3\" data-id=\"a6755a3\" data-element_type=\"column\" data-e-type=\"column\">\n\t\t\t<div class=\"elementor-widget-wrap elementor-element-populated\">\n\t\t\t\t\t\t<div class=\"elementor-element elementor-element-c9dd2a8 elementor-widget elementor-widget-heading\" data-id=\"c9dd2a8\" data-element_type=\"widget\" data-e-type=\"widget\" data-widget_type=\"heading.default\">\n\t\t\t\t<div class=\"elementor-widget-container\">\n\t\t\t\t\t<h1 class=\"elementor-heading-title elementor-size-default\">Centre d'information<\/h1>\t\t\t\t<\/div>\n\t\t\t\t<\/div>\n\t\t\t\t\t<\/div>\n\t\t<\/div>\n\t\t\t\t<div class=\"elementor-column elementor-col-50 elementor-inner-column elementor-element elementor-element-ec40650\" data-id=\"ec40650\" data-element_type=\"column\" data-e-type=\"column\">\n\t\t\t<div class=\"elementor-widget-wrap\">\n\t\t\t\t\t\t\t<\/div>\n\t\t<\/div>\n\t\t\t\t\t<\/div>\n\t\t<\/section>\n\t\t\t\t<section class=\"elementor-section elementor-inner-section elementor-element elementor-element-768124a elementor-section-boxed elementor-section-height-default elementor-section-height-default\" data-id=\"768124a\" data-element_type=\"section\" data-e-type=\"section\">\n\t\t\t\t\t\t<div class=\"elementor-container elementor-column-gap-default\">\n\t\t\t\t\t<div class=\"elementor-column elementor-col-50 elementor-inner-column elementor-element elementor-element-e7aa04f elementor-invisible\" data-id=\"e7aa04f\" data-element_type=\"column\" data-e-type=\"column\" data-settings=\"{&quot;animation&quot;:&quot;fadeInUp&quot;}\">\n\t\t\t<div class=\"elementor-widget-wrap elementor-element-populated\">\n\t\t\t\t\t\t<div class=\"elementor-element elementor-element-4bace5b elementor-widget elementor-widget-heading\" data-id=\"4bace5b\" data-element_type=\"widget\" data-e-type=\"widget\" data-widget_type=\"heading.default\">\n\t\t\t\t<div class=\"elementor-widget-container\">\n\t\t\t\t\t<h2 class=\"elementor-heading-title elementor-size-default\">T\u00e9l\u00e9chargez la brochure \nde l'initiative ici !<\/h2>\t\t\t\t<\/div>\n\t\t\t\t<\/div>\n\t\t\t\t\t<\/div>\n\t\t<\/div>\n\t\t\t\t<div class=\"elementor-column elementor-col-50 elementor-inner-column elementor-element elementor-element-a01c799 elementor-invisible\" data-id=\"a01c799\" data-element_type=\"column\" data-e-type=\"column\" data-settings=\"{&quot;animation&quot;:&quot;fadeInUp&quot;}\">\n\t\t\t<div class=\"elementor-widget-wrap elementor-element-populated\">\n\t\t\t\t\t\t<div class=\"elementor-element elementor-element-807afd4 elementor-align-justify elementor-widget elementor-widget-button\" data-id=\"807afd4\" data-element_type=\"widget\" data-e-type=\"widget\" data-widget_type=\"button.default\">\n\t\t\t\t<div class=\"elementor-widget-container\">\n\t\t\t\t\t\t\t\t\t<div class=\"elementor-button-wrapper\">\n\t\t\t\t\t<a class=\"elementor-button elementor-button-link elementor-size-sm\" href=\"https:\/\/medculturecapital.com\/wp-content\/uploads\/2024\/11\/mccd_2026_brochure.pdf\" target=\"_blank\">\n\t\t\t\t\t\t<span class=\"elementor-button-content-wrapper\">\n\t\t\t\t\t\t\t\t\t<span class=\"elementor-button-text\">T\u00c9L\u00c9CHARGER<\/span>\n\t\t\t\t\t<\/span>\n\t\t\t\t\t<\/a>\n\t\t\t\t<\/div>\n\t\t\t\t\t\t\t\t<\/div>\n\t\t\t\t<\/div>\n\t\t\t\t\t<\/div>\n\t\t<\/div>\n\t\t\t\t\t<\/div>\n\t\t<\/section>\n\t\t\t\t\t<\/div>\n\t\t<\/div>\n\t\t\t\t\t<\/div>\n\t\t<\/section>\n\t\t\t\t<section class=\"elementor-section elementor-top-section elementor-element elementor-element-050b5fe elementor-hidden-desktop elementor-hidden-laptop elementor-hidden-tablet elementor-hidden-mobile elementor-section-boxed elementor-section-height-default elementor-section-height-default\" data-id=\"050b5fe\" data-element_type=\"section\" data-e-type=\"section\" data-settings=\"{&quot;background_background&quot;:&quot;classic&quot;}\">\n\t\t\t\t\t\t<div class=\"elementor-container elementor-column-gap-default\">\n\t\t\t\t\t<div class=\"elementor-column elementor-col-66 elementor-top-column elementor-element elementor-element-5badcca\" data-id=\"5badcca\" data-element_type=\"column\" data-e-type=\"column\">\n\t\t\t<div class=\"elementor-widget-wrap elementor-element-populated\">\n\t\t\t\t\t\t<div class=\"elementor-element elementor-element-4413b83 elementor-widget elementor-widget-text-editor\" data-id=\"4413b83\" data-element_type=\"widget\" data-e-type=\"widget\" data-widget_type=\"text-editor.default\">\n\t\t\t\t<div class=\"elementor-widget-container\">\n\t\t\t\t\t\t\t\t\t<h1>Session d&rsquo;information &#8211; 13 mai 2025,<br \/>11h (CET)<\/h1>\t\t\t\t\t\t\t\t<\/div>\n\t\t\t\t<\/div>\n\t\t\t\t\t<\/div>\n\t\t<\/div>\n\t\t\t\t<div class=\"elementor-column elementor-col-33 elementor-top-column elementor-element elementor-element-f2083bd\" data-id=\"f2083bd\" data-element_type=\"column\" data-e-type=\"column\">\n\t\t\t<div class=\"elementor-widget-wrap elementor-element-populated\">\n\t\t\t\t\t\t<div class=\"elementor-element elementor-element-d1462cc elementor-align-center elementor-widget elementor-widget-button\" data-id=\"d1462cc\" data-element_type=\"widget\" data-e-type=\"widget\" data-widget_type=\"button.default\">\n\t\t\t\t<div class=\"elementor-widget-container\">\n\t\t\t\t\t\t\t\t\t<div class=\"elementor-button-wrapper\">\n\t\t\t\t\t<a class=\"elementor-button elementor-button-link elementor-size-sm\" href=\"https:\/\/ufmsecretariat.org\/info-session-mediterranean-capitals-of-culture-dialogue-2027\/\" target=\"_blank\">\n\t\t\t\t\t\t<span class=\"elementor-button-content-wrapper\">\n\t\t\t\t\t\t\t\t\t<span class=\"elementor-button-text\">S'INSCRIRE<\/span>\n\t\t\t\t\t<\/span>\n\t\t\t\t\t<\/a>\n\t\t\t\t<\/div>\n\t\t\t\t\t\t\t\t<\/div>\n\t\t\t\t<\/div>\n\t\t\t\t\t<\/div>\n\t\t<\/div>\n\t\t\t\t\t<\/div>\n\t\t<\/section>\n\t\t\t\t<section class=\"elementor-section elementor-top-section elementor-element elementor-element-3085623 elementor-section-boxed elementor-section-height-default elementor-section-height-default elementor-invisible\" data-id=\"3085623\" data-element_type=\"section\" data-e-type=\"section\" data-settings=\"{&quot;background_background&quot;:&quot;classic&quot;,&quot;animation&quot;:&quot;fadeInUp&quot;}\">\n\t\t\t\t\t\t<div class=\"elementor-container elementor-column-gap-default\">\n\t\t\t\t\t<div class=\"elementor-column elementor-col-100 elementor-top-column elementor-element elementor-element-790d86b\" data-id=\"790d86b\" data-element_type=\"column\" data-e-type=\"column\">\n\t\t\t<div class=\"elementor-widget-wrap elementor-element-populated\">\n\t\t\t\t\t\t<section class=\"elementor-section elementor-inner-section elementor-element elementor-element-a061201 elementor-section-boxed elementor-section-height-default elementor-section-height-default\" data-id=\"a061201\" data-element_type=\"section\" data-e-type=\"section\">\n\t\t\t\t\t\t<div class=\"elementor-container elementor-column-gap-default\">\n\t\t\t\t\t<div class=\"elementor-column elementor-col-100 elementor-inner-column elementor-element elementor-element-c296d63\" data-id=\"c296d63\" data-element_type=\"column\" data-e-type=\"column\">\n\t\t\t<div class=\"elementor-widget-wrap elementor-element-populated\">\n\t\t\t\t\t\t<div class=\"elementor-element elementor-element-7632042 elementor-widget elementor-widget-text-editor\" data-id=\"7632042\" data-element_type=\"widget\" data-e-type=\"widget\" data-widget_type=\"text-editor.default\">\n\t\t\t\t<div class=\"elementor-widget-container\">\n\t\t\t\t\t\t\t\t\t<p><span dir=\"ltr\" role=\"presentation\">Si vous souhaitez communiquer sur les<\/span><strong><span dir=\"ltr\" role=\"presentation\"> Capitales m\u00e9diterran\u00e9ennes de la culture et <\/span><\/strong> <br role=\"presentation\"><strong><span dir=\"ltr\" role=\"presentation\">du dialogue, vous trouverez ici<\/span><\/strong><\/p>\n\t\t\t\t\t\t\t\t<\/div>\n\t\t\t\t<\/div>\n\t\t\t\t\t<\/div>\n\t\t<\/div>\n\t\t\t\t\t<\/div>\n\t\t<\/section>\n\t\t\t\t<section class=\"elementor-section elementor-inner-section elementor-element elementor-element-9a9dcd6 elementor-section-boxed elementor-section-height-default elementor-section-height-default\" data-id=\"9a9dcd6\" data-element_type=\"section\" data-e-type=\"section\">\n\t\t\t\t\t\t<div class=\"elementor-container elementor-column-gap-default\">\n\t\t\t\t\t<div class=\"elementor-column elementor-col-50 elementor-inner-column elementor-element elementor-element-58a06f2\" data-id=\"58a06f2\" data-element_type=\"column\" data-e-type=\"column\">\n\t\t\t<div class=\"elementor-widget-wrap elementor-element-populated\">\n\t\t\t\t\t\t<div class=\"elementor-element elementor-element-813fa47 elementor-widget elementor-widget-heading\" data-id=\"813fa47\" data-element_type=\"widget\" data-e-type=\"widget\" data-widget_type=\"heading.default\">\n\t\t\t\t<div class=\"elementor-widget-container\">\n\t\t\t\t\t<h2 class=\"elementor-heading-title elementor-size-default\"><a href=\"https:\/\/www.dropbox.com\/scl\/fo\/1im6mnx4izxyzi3ilf12x\/h?rlkey=x3wpzjgjlippdh9p6nb3oqysr&#038;dl=0\" target=\"_blank\">IDENTIT\u00c9<br> VISUELLE<\/a><\/h2>\t\t\t\t<\/div>\n\t\t\t\t<\/div>\n\t\t\t\t\t<\/div>\n\t\t<\/div>\n\t\t\t\t<div class=\"elementor-column elementor-col-50 elementor-inner-column elementor-element elementor-element-8090f7c\" data-id=\"8090f7c\" data-element_type=\"column\" data-e-type=\"column\">\n\t\t\t<div class=\"elementor-widget-wrap elementor-element-populated\">\n\t\t\t\t\t\t<div class=\"elementor-element elementor-element-37fe267 elementor-widget elementor-widget-heading\" data-id=\"37fe267\" data-element_type=\"widget\" data-e-type=\"widget\" data-widget_type=\"heading.default\">\n\t\t\t\t<div class=\"elementor-widget-container\">\n\t\t\t\t\t<h2 class=\"elementor-heading-title elementor-size-default\"><a href=\"https:\/\/medculturecapital.com\/wp-content\/uploads\/2024\/11\/mccd_2026_brochure.pdf\" target=\"_blank\">BROCHURE<\/a><\/h2>\t\t\t\t<\/div>\n\t\t\t\t<\/div>\n\t\t\t\t\t<\/div>\n\t\t<\/div>\n\t\t\t\t\t<\/div>\n\t\t<\/section>\n\t\t\t\t<section class=\"elementor-section elementor-inner-section elementor-element elementor-element-23fc140 elementor-section-boxed elementor-section-height-default elementor-section-height-default\" data-id=\"23fc140\" data-element_type=\"section\" data-e-type=\"section\">\n\t\t\t\t\t\t<div class=\"elementor-container elementor-column-gap-default\">\n\t\t\t\t\t<div class=\"elementor-column elementor-col-50 elementor-inner-column elementor-element elementor-element-cb1e6e5\" data-id=\"cb1e6e5\" data-element_type=\"column\" data-e-type=\"column\">\n\t\t\t<div class=\"elementor-widget-wrap elementor-element-populated\">\n\t\t\t\t\t\t<div class=\"elementor-element elementor-element-326317b elementor-widget elementor-widget-heading\" data-id=\"326317b\" data-element_type=\"widget\" data-e-type=\"widget\" data-widget_type=\"heading.default\">\n\t\t\t\t<div class=\"elementor-widget-container\">\n\t\t\t\t\t<h2 class=\"elementor-heading-title elementor-size-default\"><a href=\"https:\/\/trello.com\/b\/LTozvrhS\/mediterranean-capitals-of-culture-and-dialogue\" target=\"_blank\">TRELLO<br> BOARD<\/a><\/h2>\t\t\t\t<\/div>\n\t\t\t\t<\/div>\n\t\t\t\t\t<\/div>\n\t\t<\/div>\n\t\t\t\t<div class=\"elementor-column elementor-col-50 elementor-inner-column elementor-element elementor-element-c2c7d47\" data-id=\"c2c7d47\" data-element_type=\"column\" data-e-type=\"column\">\n\t\t\t<div class=\"elementor-widget-wrap elementor-element-populated\">\n\t\t\t\t\t\t<div class=\"elementor-element elementor-element-3484218 elementor-widget elementor-widget-heading\" data-id=\"3484218\" data-element_type=\"widget\" data-e-type=\"widget\" data-widget_type=\"heading.default\">\n\t\t\t\t<div class=\"elementor-widget-container\">\n\t\t\t\t\t<h2 class=\"elementor-heading-title elementor-size-default\"><a href=\"https:\/\/medculturecapital.com\/wp-content\/uploads\/2025\/05\/MCCD_INFOSESSIONS_2027_EN_01.pdf\" target=\"_blank\">S\u00c9ANCES D'INFORMATION<\/a><\/h2>\t\t\t\t<\/div>\n\t\t\t\t<\/div>\n\t\t\t\t\t<\/div>\n\t\t<\/div>\n\t\t\t\t\t<\/div>\n\t\t<\/section>\n\t\t\t\t<section class=\"elementor-section elementor-inner-section elementor-element elementor-element-1f37964 elementor-section-boxed elementor-section-height-default elementor-section-height-default\" data-id=\"1f37964\" data-element_type=\"section\" data-e-type=\"section\">\n\t\t\t\t\t\t<div class=\"elementor-container elementor-column-gap-default\">\n\t\t\t\t\t<div class=\"elementor-column elementor-col-100 elementor-inner-column elementor-element elementor-element-c957380\" data-id=\"c957380\" data-element_type=\"column\" data-e-type=\"column\">\n\t\t\t<div class=\"elementor-widget-wrap elementor-element-populated\">\n\t\t\t\t\t\t<div class=\"elementor-element elementor-element-89be0cb elementor-widget-divider--view-line elementor-widget elementor-widget-divider\" data-id=\"89be0cb\" data-element_type=\"widget\" data-e-type=\"widget\" data-widget_type=\"divider.default\">\n\t\t\t\t<div class=\"elementor-widget-container\">\n\t\t\t\t\t\t\t<div class=\"elementor-divider\">\n\t\t\t<span class=\"elementor-divider-separator\">\n\t\t\t\t\t\t<\/span>\n\t\t<\/div>\n\t\t\t\t\t\t<\/div>\n\t\t\t\t<\/div>\n\t\t\t\t\t<\/div>\n\t\t<\/div>\n\t\t\t\t\t<\/div>\n\t\t<\/section>\n\t\t\t\t<section class=\"elementor-section elementor-inner-section elementor-element elementor-element-300991e elementor-section-boxed elementor-section-height-default elementor-section-height-default\" data-id=\"300991e\" data-element_type=\"section\" data-e-type=\"section\">\n\t\t\t\t\t\t<div class=\"elementor-container elementor-column-gap-default\">\n\t\t\t\t\t<div class=\"elementor-column elementor-col-50 elementor-inner-column elementor-element elementor-element-3f8adf2\" data-id=\"3f8adf2\" data-element_type=\"column\" data-e-type=\"column\">\n\t\t\t<div class=\"elementor-widget-wrap elementor-element-populated\">\n\t\t\t\t\t\t<div class=\"elementor-element elementor-element-d55ed36 elementor-widget elementor-widget-heading\" data-id=\"d55ed36\" data-element_type=\"widget\" data-e-type=\"widget\" data-widget_type=\"heading.default\">\n\t\t\t\t<div class=\"elementor-widget-container\">\n\t\t\t\t\t<h2 class=\"elementor-heading-title elementor-size-default\">Pour plus<br> d'informations<\/h2>\t\t\t\t<\/div>\n\t\t\t\t<\/div>\n\t\t\t\t\t<\/div>\n\t\t<\/div>\n\t\t\t\t<div class=\"elementor-column elementor-col-50 elementor-inner-column elementor-element elementor-element-13ba94e\" data-id=\"13ba94e\" data-element_type=\"column\" data-e-type=\"column\">\n\t\t\t<div class=\"elementor-widget-wrap elementor-element-populated\">\n\t\t\t\t\t\t<div class=\"elementor-element elementor-element-a1f8b98 elementor-widget elementor-widget-text-editor\" data-id=\"a1f8b98\" data-element_type=\"widget\" data-e-type=\"widget\" data-widget_type=\"text-editor.default\">\n\t\t\t\t<div class=\"elementor-widget-container\">\n\t\t\t\t\t\t\t\t\t<div class=\"comment-viewer ng-star-inserted\"><div class=\"comment-viewer__body\" data-test=\"attachments-viewer-lazy__comment-viewer\" data-body=\"\"><div class=\"ng2-pdf-viewer-container\"><div class=\"pdfViewer removePageBorders\"><div class=\"page\" role=\"region\" data-page-number=\"1\" aria-label=\"Page 1\" data-loaded=\"true\"><div class=\"textLayer\"><span dir=\"ltr\" role=\"presentation\"><b>COORDINATION<\/b><\/span><\/div><div class=\"textLayer\"><br role=\"presentation\" \/><span dir=\"ltr\" role=\"presentation\"><b>M. Ayman Elsherbiny<\/b><strong>,<\/strong><br \/><\/span><span dir=\"ltr\" role=\"presentation\">UfM <\/span><span dir=\"ltr\" role=\"presentation\">Secretariat<\/span><\/div><div class=\"textLayer\"><br role=\"presentation\" \/><span dir=\"ltr\" role=\"presentation\"><b>M. Alessandro Lamonica<\/b><strong>,<\/strong><br \/><\/span><span dir=\"ltr\" role=\"presentation\">ALF <\/span><span dir=\"ltr\" role=\"presentation\">Secretariat<\/span><\/div><div class=\"textLayer\"><br role=\"presentation\" \/><a href=\"mailto:info@medculturecapital.com\"><span dir=\"ltr\" role=\"presentation\">info@medculturecapital.com<\/span><\/a><\/div><div class=\"textLayer\"><br role=\"presentation\" \/><span dir=\"ltr\" role=\"presentation\"><b>Press<\/b><\/span><\/div><div class=\"textLayer\"><span dir=\"ltr\" role=\"presentation\">+34 935 214 137<\/span><br role=\"presentation\" \/><a href=\"mailto:media@ufmsecretariat.org\"><span dir=\"ltr\" role=\"presentation\">media@ufmsecretariat.org<\/span><\/a><\/div><\/div><\/div><\/div><\/div><\/div>\t\t\t\t\t\t\t\t<\/div>\n\t\t\t\t<\/div>\n\t\t\t\t\t<\/div>\n\t\t<\/div>\n\t\t\t\t\t<\/div>\n\t\t<\/section>\n\t\t\t\t\t<\/div>\n\t\t<\/div>\n\t\t\t\t\t<\/div>\n\t\t<\/section>\n\t\t\t\t<\/div>\n\t\t","protected":false},"excerpt":{"rendered":"<p>Centre d&rsquo;information T\u00e9l\u00e9chargez la brochure de l&rsquo;initiative ici ! T\u00c9L\u00c9CHARGER Session d&rsquo;information &#8211; 13 mai 2025,11h (CET) S&rsquo;INSCRIRE Si vous souhaitez communiquer sur les Capitales m\u00e9diterran\u00e9ennes de la culture et du dialogue, vous trouverez ici IDENTIT\u00c9 VISUELLE BROCHURE TRELLO BOARD S\u00c9ANCES D&rsquo;INFORMATION Pour plus d&rsquo;informations COORDINATIONM. Ayman Elsherbiny,UfM SecretariatM. Alessandro Lamonica,ALF Secretariatinfo@medculturecapital.comPress+34 935 214 137media@ufmsecretariat.org<\/p>\n","protected":false},"author":1,"featured_media":0,"parent":0,"menu_order":0,"comment_status":"closed","ping_status":"closed","template":"","meta":{"footnotes":""},"class_list":["post-946","page","type-page","status-publish","hentry"],"_links":{"self":[{"href":"https:\/\/medculturecapital.com\/fr\/wp-json\/wp\/v2\/pages\/946","targetHints":{"allow":["GET"]}}],"collection":[{"href":"https:\/\/medculturecapital.com\/fr\/wp-json\/wp\/v2\/pages"}],"about":[{"href":"https:\/\/medculturecapital.com\/fr\/wp-json\/wp\/v2\/types\/page"}],"author":[{"embeddable":true,"href":"https:\/\/medculturecapital.com\/fr\/wp-json\/wp\/v2\/users\/1"}],"replies":[{"embeddable":true,"href":"https:\/\/medculturecapital.com\/fr\/wp-json\/wp\/v2\/comments?post=946"}],"version-history":[{"count":10,"href":"https:\/\/medculturecapital.com\/fr\/wp-json\/wp\/v2\/pages\/946\/revisions"}],"predecessor-version":[{"id":2350,"href":"https:\/\/medculturecapital.com\/fr\/wp-json\/wp\/v2\/pages\/946\/revisions\/2350"}],"wp:attachment":[{"href":"https:\/\/medculturecapital.com\/fr\/wp-json\/wp\/v2\/media?parent=946"}],"curies":[{"name":"wp","href":"https:\/\/api.w.org\/{rel}","templated":true}]}}