{"id":2382,"date":"2025-11-27T11:07:53","date_gmt":"2025-11-27T11:07:53","guid":{"rendered":"https:\/\/medculturecapital.com\/?page_id=2382"},"modified":"2025-12-03T11:06:17","modified_gmt":"2025-12-03T11:06:17","slug":"2027-med-capitals-of-culture","status":"publish","type":"page","link":"https:\/\/medculturecapital.com\/fr\/2027-med-capitals-of-culture","title":{"rendered":"2027 Med Capitals of Culture"},"content":{"rendered":"\t\t<div data-elementor-type=\"wp-page\" data-elementor-id=\"2382\" class=\"elementor elementor-2382 elementor-2373\" data-elementor-post-type=\"page\">\n\t\t\t\t\t\t<section class=\"elementor-section elementor-top-section elementor-element elementor-element-7e97e29 elementor-section-boxed elementor-section-height-default elementor-section-height-default\" data-id=\"7e97e29\" data-element_type=\"section\" data-e-type=\"section\" data-settings=\"{&quot;background_background&quot;:&quot;classic&quot;}\">\n\t\t\t\t\t\t<div class=\"elementor-container elementor-column-gap-default\">\n\t\t\t\t\t<div class=\"elementor-column elementor-col-100 elementor-top-column elementor-element elementor-element-7b4dc21\" data-id=\"7b4dc21\" data-element_type=\"column\" data-e-type=\"column\">\n\t\t\t<div class=\"elementor-widget-wrap elementor-element-populated\">\n\t\t\t\t\t\t<section class=\"elementor-section elementor-inner-section elementor-element elementor-element-01b4ee0 elementor-section-boxed elementor-section-height-default elementor-section-height-default\" data-id=\"01b4ee0\" data-element_type=\"section\" data-e-type=\"section\">\n\t\t\t\t\t\t<div class=\"elementor-container elementor-column-gap-default\">\n\t\t\t\t\t<div class=\"elementor-column elementor-col-50 elementor-inner-column elementor-element elementor-element-8c7a7fe\" data-id=\"8c7a7fe\" data-element_type=\"column\" data-e-type=\"column\">\n\t\t\t<div class=\"elementor-widget-wrap elementor-element-populated\">\n\t\t\t\t\t\t<div class=\"elementor-element elementor-element-a888b24 elementor-widget-laptop__width-initial elementor-widget elementor-widget-heading\" data-id=\"a888b24\" data-element_type=\"widget\" data-e-type=\"widget\" data-widget_type=\"heading.default\">\n\t\t\t\t<div class=\"elementor-widget-container\">\n\t\t\t\t\t<h1 class=\"elementor-heading-title elementor-size-default\">D\u00e9couvrez les capitales m\u00e9diterran\u00e9ennes de la culture et du dialogue 2027<\/h1>\t\t\t\t<\/div>\n\t\t\t\t<\/div>\n\t\t\t\t\t<\/div>\n\t\t<\/div>\n\t\t\t\t<div class=\"elementor-column elementor-col-50 elementor-inner-column elementor-element elementor-element-93a1ff6\" data-id=\"93a1ff6\" data-element_type=\"column\" data-e-type=\"column\">\n\t\t\t<div class=\"elementor-widget-wrap\">\n\t\t\t\t\t\t\t<\/div>\n\t\t<\/div>\n\t\t\t\t\t<\/div>\n\t\t<\/section>\n\t\t\t\t\t<\/div>\n\t\t<\/div>\n\t\t\t\t\t<\/div>\n\t\t<\/section>\n\t\t\t\t<section class=\"elementor-section elementor-top-section elementor-element elementor-element-4c7cfa5 elementor-section-boxed elementor-section-height-default elementor-section-height-default elementor-invisible\" data-id=\"4c7cfa5\" data-element_type=\"section\" data-e-type=\"section\" data-settings=\"{&quot;background_background&quot;:&quot;classic&quot;,&quot;animation&quot;:&quot;fadeInUp&quot;}\">\n\t\t\t\t\t\t<div class=\"elementor-container elementor-column-gap-default\">\n\t\t\t\t\t<div class=\"elementor-column elementor-col-100 elementor-top-column elementor-element elementor-element-5b4de9c\" data-id=\"5b4de9c\" data-element_type=\"column\" data-e-type=\"column\">\n\t\t\t<div class=\"elementor-widget-wrap elementor-element-populated\">\n\t\t\t\t\t\t<div class=\"elementor-element elementor-element-c6535ba elementor-widget elementor-widget-image\" data-id=\"c6535ba\" data-element_type=\"widget\" data-e-type=\"widget\" data-widget_type=\"image.default\">\n\t\t\t\t<div class=\"elementor-widget-container\">\n\t\t\t\t\t\t\t\t\t\t\t\t\t\t\t<img fetchpriority=\"high\" decoding=\"async\" width=\"692\" height=\"500\" src=\"https:\/\/medculturecapital.com\/wp-content\/uploads\/2025\/11\/MCCD_2027_FR.png\" class=\"attachment-medium_large size-medium_large wp-image-2403\" alt=\"\" srcset=\"https:\/\/medculturecapital.com\/wp-content\/uploads\/2025\/11\/MCCD_2027_FR.png 692w, https:\/\/medculturecapital.com\/wp-content\/uploads\/2025\/11\/MCCD_2027_FR-300x217.png 300w\" sizes=\"(max-width: 692px) 100vw, 692px\" \/>\t\t\t\t\t\t\t\t\t\t\t\t\t\t\t<\/div>\n\t\t\t\t<\/div>\n\t\t\t\t\t<\/div>\n\t\t<\/div>\n\t\t\t\t\t<\/div>\n\t\t<\/section>\n\t\t\t\t<section class=\"elementor-section elementor-top-section elementor-element elementor-element-af7b334 elementor-section-boxed elementor-section-height-default elementor-section-height-default elementor-invisible\" data-id=\"af7b334\" data-element_type=\"section\" data-e-type=\"section\" data-settings=\"{&quot;background_background&quot;:&quot;classic&quot;,&quot;animation&quot;:&quot;fadeInUp&quot;}\">\n\t\t\t\t\t\t<div class=\"elementor-container elementor-column-gap-default\">\n\t\t\t\t\t<div class=\"elementor-column elementor-col-100 elementor-top-column elementor-element elementor-element-128480e\" data-id=\"128480e\" data-element_type=\"column\" data-e-type=\"column\">\n\t\t\t<div class=\"elementor-widget-wrap elementor-element-populated\">\n\t\t\t\t\t\t<section class=\"elementor-section elementor-inner-section elementor-element elementor-element-a311863 elementor-section-boxed elementor-section-height-default elementor-section-height-default\" data-id=\"a311863\" data-element_type=\"section\" data-e-type=\"section\">\n\t\t\t\t\t\t<div class=\"elementor-container elementor-column-gap-default\">\n\t\t\t\t\t<div class=\"elementor-column elementor-col-50 elementor-inner-column elementor-element elementor-element-bc0dea1\" data-id=\"bc0dea1\" data-element_type=\"column\" data-e-type=\"column\">\n\t\t\t<div class=\"elementor-widget-wrap elementor-element-populated\">\n\t\t\t\t\t\t<div class=\"elementor-element elementor-element-22cc607 elementor-widget__width-initial elementor-widget elementor-widget-text-editor\" data-id=\"22cc607\" data-element_type=\"widget\" data-e-type=\"widget\" data-widget_type=\"text-editor.default\">\n\t\t\t\t<div class=\"elementor-widget-container\">\n\t\t\t\t\t\t\t\t\t<h2><strong>CORDOUE, Espagne<\/strong><\/h2><p><strong>Situ\u00e9e au c\u0153ur de l\u2019Andalousie et historiquement tourn\u00e9e \u00e0 la fois vers l\u2019Atlantique et le monde m\u00e9diterran\u00e9en, Cordoue s\u2019impose comme un symbole universel de coexistence, de rayonnement intellectuel et de synth\u00e8se culturelle. Ancienne capitale romaine et brillante capitale du califat d\u2019Al-Andalus, la ville incarne des si\u00e8cles de dialogue m\u00e9diterran\u00e9en, de cr\u00e9ativit\u00e9 et de progr\u00e8s scientifique. Sa capacit\u00e9 unique \u00e0 harmoniser des traditions diverses, la qualit\u00e9 de ses infrastructures culturelles et sa vaste vision m\u00e9diterran\u00e9enne font de Cordoue une candidate id\u00e9ale au titre de Capitale m\u00e9diterran\u00e9enne de la culture et du dialogue 2027.<\/strong><\/p><ul><li><strong>Cordoue incarne un h\u00e9ritage m\u00e9diterran\u00e9en exceptionnel,<\/strong> fa\u00e7onn\u00e9 par des civilisations qui en firent un centre majeur de pens\u00e9e humaniste. De la Corduba romaine, patrie de S\u00e9n\u00e8que, \u00e0 la capitale multiculturelle d\u2019Al-Andalus, la ville rivalisait autrefois avec Bagdad et Byzance. Ses quatre inscriptions au patrimoine mondial de l\u2019UNESCO \u2014 la Mosqu\u00e9e-Cath\u00e9drale, le centre historique, Madinat al-Zahra et le Festival des Patios \u2014 t\u00e9moignent d\u2019une richesse remarquable en patrimoine mat\u00e9riel et immat\u00e9riel.<br \/><br \/><\/li><li><strong>La ville est depuis longtemps un acteur cl\u00e9 du dialogue euro-m\u00e9diterran\u00e9en,<\/strong> forte d\u2019une longue tradition de diplomatie culturelle, d\u2019engagement interreligieux et de coop\u00e9ration internationale. Ses infrastructures culturelles \u2014 mus\u00e9es, th\u00e9\u00e2tres, archives, ainsi que de grands festivals tels que le Festival de la guitare, la Noche Blanca del Flamenco, Cosmopo\u00e9tica ou la Biennale de photographie \u2014 font de Cordoue un p\u00f4le culturel m\u00e9diterran\u00e9en inclusif et collaboratif.<br \/><br \/><\/li><li><strong>Le programme 2027 de Cordoue r\u00e9affirme son engagement en faveur du pluralisme artistique et d\u2019un patrimoine partag\u00e9.<\/strong> Ses sites embl\u00e9matiques \u2014 de la Mosqu\u00e9e-Cath\u00e9drale aux patios, en passant par les palais et les ensembles arch\u00e9ologiques \u2014 deviendront des sc\u00e8nes ouvertes pour la musique m\u00e9diterran\u00e9enne, le spectacle vivant, les arts visuels et le dialogue civique. Des expositions conjointes, des dispositifs d\u2019immersion num\u00e9rique, des r\u00e9sidences transdisciplinaires et des initiatives centr\u00e9es sur la jeunesse renforceront la coop\u00e9ration avec les villes partenaires. Sous le th\u00e8me \u00ab M\u00e9diterran\u00e9it\u00e9 \u00e9tendue \u00bb, Cordoue d\u00e9veloppera des \u00e9v\u00e9nements en miroir et des projets transfrontaliers avec Saida, affirmant les deux villes comme de v\u00e9ritables laboratoires du dialogue interculturel.<br \/><br \/><br \/><\/li><\/ul>\t\t\t\t\t\t\t\t<\/div>\n\t\t\t\t<\/div>\n\t\t\t\t\t<\/div>\n\t\t<\/div>\n\t\t\t\t<div class=\"elementor-column elementor-col-50 elementor-inner-column elementor-element elementor-element-e8c47ce\" data-id=\"e8c47ce\" data-element_type=\"column\" data-e-type=\"column\">\n\t\t\t<div class=\"elementor-widget-wrap elementor-element-populated\">\n\t\t\t\t\t\t<div class=\"elementor-element elementor-element-e896264 elementor-widget elementor-widget-text-editor\" data-id=\"e896264\" data-element_type=\"widget\" data-e-type=\"widget\" data-widget_type=\"text-editor.default\">\n\t\t\t\t<div class=\"elementor-widget-container\">\n\t\t\t\t\t\t\t\t\t<h2><strong>SAIDA, Liban<\/strong><\/h2><p><strong>Carrefour c\u00f4tier historique avec plus de 6 000 ans d\u2019habitation ininterrompue, Saida est l\u2019une des plus anciennes et des plus r\u00e9silientes villes de la M\u00e9diterran\u00e9e \u2014 une v\u00e9ritable archive vivante de l\u2019h\u00e9ritage ph\u00e9nicien, romain, arabe, crois\u00e9 et ottoman. Marqu\u00e9e par sa diversit\u00e9, son identit\u00e9 maritime et un secteur cr\u00e9atif en plein essor, Saida incarne l\u2019esprit de renouveau m\u00e9diterran\u00e9en. Son engagement fort en faveur de la culture comme moteur de coh\u00e9sion sociale, d\u2019autonomisation des jeunes et de dialogue interculturel en fait une candidate particuli\u00e8rement convaincante au titre de Capitale m\u00e9diterran\u00e9enne de la culture et du dialogue 2027.<\/strong><\/p><ul><li><strong>Saida est une v\u00e9ritable ville-pont m\u00e9diterran\u00e9enne,<\/strong> fa\u00e7onn\u00e9e par des si\u00e8cles d\u2019\u00e9changes et de coexistence. Son h\u00e9ritage maritime ph\u00e9nicien, son Ch\u00e2teau de la Mer d\u2019\u00e9poque crois\u00e9e, ses khans ottomans, ses souks historiques et son port actif composent une trame unique de m\u00e9moire m\u00e9diterran\u00e9enne. Ville de communaut\u00e9s libanaises, palestiniennes, syriennes, musulmanes et chr\u00e9tiennes, Saida offre une mosa\u00efque vivante d\u2019identit\u00e9s, fond\u00e9e sur la r\u00e9silience et une vie urbaine partag\u00e9e.<br \/><br \/><\/li><li><strong>La ville joue un r\u00f4le actif dans la coop\u00e9ration euro-m\u00e9diterran\u00e9enne,<\/strong> en faisant progresser la diplomatie culturelle, le d\u00e9veloppement durable et les partenariats internationaux. Ses collaborations avec MedCities, l\u2019UNESCO et son jumelage avec Barcelone renforcent la position de Saida comme trait d\u2019union entre l\u2019Europe et le monde arabe. De grands \u00e9v\u00e9nements \u2014 Festival international de Saida, Marathon de Saida, Nuits de Ramadan, Village de No\u00ebl, ainsi que de nombreuses initiatives port\u00e9es par les jeunes \u2014 t\u00e9moignent d\u2019une sc\u00e8ne culturelle dynamique et inclusive.<br \/><br \/><\/li><li><strong>Le programme 2027 de Saida, intitul\u00e9 \u00ab Threads of the Sea \u00bb, r\u00e9invente l\u2019avenir de la ville \u00e0 travers la m\u00e9moire, l\u2019innovation et le dialogue.<\/strong> Parcours patrimoniaux, festivals de contes et de r\u00e9cits, biennales de la jeunesse, d\u00eeners interreligieux, laboratoires de narration num\u00e9rique, projets d\u2019art environnemental et forums sur l\u2019\u00e9conomie bleue transformeront la ville en v\u00e9ritable laboratoire culturel. Des visites patrimoniales en r\u00e9alit\u00e9 augment\u00e9e, des hubs num\u00e9riques et des archives communautaires \u00e9largiront la participation, mettront en valeur des r\u00e9cits m\u00e9diterran\u00e9ens partag\u00e9s et renforceront la coop\u00e9ration transfrontali\u00e8re.<\/li><\/ul>\t\t\t\t\t\t\t\t<\/div>\n\t\t\t\t<\/div>\n\t\t\t\t\t<\/div>\n\t\t<\/div>\n\t\t\t\t\t<\/div>\n\t\t<\/section>\n\t\t\t\t\t<\/div>\n\t\t<\/div>\n\t\t\t\t\t<\/div>\n\t\t<\/section>\n\t\t\t\t<section class=\"elementor-section elementor-top-section elementor-element elementor-element-0029f32 elementor-section-boxed elementor-section-height-default elementor-section-height-default\" data-id=\"0029f32\" data-element_type=\"section\" data-e-type=\"section\" data-settings=\"{&quot;background_background&quot;:&quot;classic&quot;}\">\n\t\t\t\t\t\t<div class=\"elementor-container elementor-column-gap-default\">\n\t\t\t\t\t<div class=\"elementor-column elementor-col-100 elementor-top-column elementor-element elementor-element-96b40bd\" data-id=\"96b40bd\" data-element_type=\"column\" data-e-type=\"column\">\n\t\t\t<div class=\"elementor-widget-wrap\">\n\t\t\t\t\t\t\t<\/div>\n\t\t<\/div>\n\t\t\t\t\t<\/div>\n\t\t<\/section>\n\t\t\t\t<\/div>\n\t\t","protected":false},"excerpt":{"rendered":"<p>D\u00e9couvrez les capitales m\u00e9diterran\u00e9ennes de la culture et du dialogue 2027 CORDOUE, Espagne Situ\u00e9e au c\u0153ur de l\u2019Andalousie et historiquement tourn\u00e9e \u00e0 la fois vers l\u2019Atlantique et le monde m\u00e9diterran\u00e9en, Cordoue s\u2019impose comme un symbole universel de coexistence, de rayonnement intellectuel et de synth\u00e8se culturelle. Ancienne capitale romaine et brillante capitale du califat d\u2019Al-Andalus, la [&hellip;]<\/p>\n","protected":false},"author":1,"featured_media":0,"parent":0,"menu_order":0,"comment_status":"closed","ping_status":"closed","template":"","meta":{"footnotes":""},"class_list":["post-2382","page","type-page","status-publish","hentry"],"_links":{"self":[{"href":"https:\/\/medculturecapital.com\/fr\/wp-json\/wp\/v2\/pages\/2382","targetHints":{"allow":["GET"]}}],"collection":[{"href":"https:\/\/medculturecapital.com\/fr\/wp-json\/wp\/v2\/pages"}],"about":[{"href":"https:\/\/medculturecapital.com\/fr\/wp-json\/wp\/v2\/types\/page"}],"author":[{"embeddable":true,"href":"https:\/\/medculturecapital.com\/fr\/wp-json\/wp\/v2\/users\/1"}],"replies":[{"embeddable":true,"href":"https:\/\/medculturecapital.com\/fr\/wp-json\/wp\/v2\/comments?post=2382"}],"version-history":[{"count":10,"href":"https:\/\/medculturecapital.com\/fr\/wp-json\/wp\/v2\/pages\/2382\/revisions"}],"predecessor-version":[{"id":2453,"href":"https:\/\/medculturecapital.com\/fr\/wp-json\/wp\/v2\/pages\/2382\/revisions\/2453"}],"wp:attachment":[{"href":"https:\/\/medculturecapital.com\/fr\/wp-json\/wp\/v2\/media?parent=2382"}],"curies":[{"name":"wp","href":"https:\/\/api.w.org\/{rel}","templated":true}]}}