{"id":1662,"date":"2024-11-06T13:00:20","date_gmt":"2024-11-06T13:00:20","guid":{"rendered":"https:\/\/medculturecapital.com\/meet-the-2026-capitals"},"modified":"2024-11-28T10:13:13","modified_gmt":"2024-11-28T10:13:13","slug":"meet-the-2026-capitals","status":"publish","type":"page","link":"https:\/\/medculturecapital.com\/fr\/meet-the-2026-capitals","title":{"rendered":"Les capitales de 2026"},"content":{"rendered":"\t\t<div data-elementor-type=\"wp-page\" data-elementor-id=\"1662\" class=\"elementor elementor-1662 elementor-1615\" data-elementor-post-type=\"page\">\n\t\t\t\t\t\t<section class=\"elementor-section elementor-top-section elementor-element elementor-element-d1796b6 elementor-section-boxed elementor-section-height-default elementor-section-height-default\" data-id=\"d1796b6\" data-element_type=\"section\" data-e-type=\"section\" data-settings=\"{&quot;background_background&quot;:&quot;classic&quot;}\">\n\t\t\t\t\t\t<div class=\"elementor-container elementor-column-gap-default\">\n\t\t\t\t\t<div class=\"elementor-column elementor-col-100 elementor-top-column elementor-element elementor-element-45ee180\" data-id=\"45ee180\" data-element_type=\"column\" data-e-type=\"column\">\n\t\t\t<div class=\"elementor-widget-wrap elementor-element-populated\">\n\t\t\t\t\t\t<section class=\"elementor-section elementor-inner-section elementor-element elementor-element-b76c9a4 elementor-section-boxed elementor-section-height-default elementor-section-height-default\" data-id=\"b76c9a4\" data-element_type=\"section\" data-e-type=\"section\">\n\t\t\t\t\t\t<div class=\"elementor-container elementor-column-gap-default\">\n\t\t\t\t\t<div class=\"elementor-column elementor-col-50 elementor-inner-column elementor-element elementor-element-747d670\" data-id=\"747d670\" data-element_type=\"column\" data-e-type=\"column\">\n\t\t\t<div class=\"elementor-widget-wrap elementor-element-populated\">\n\t\t\t\t\t\t<div class=\"elementor-element elementor-element-8ee1389 elementor-widget-laptop__width-initial elementor-widget elementor-widget-heading\" data-id=\"8ee1389\" data-element_type=\"widget\" data-e-type=\"widget\" data-widget_type=\"heading.default\">\n\t\t\t\t<div class=\"elementor-widget-container\">\n\t\t\t\t\t<h1 class=\"elementor-heading-title elementor-size-default\">D\u00e9couvrez les capitales m\u00e9diterran\u00e9ennes de la culture et du dialogue 2026<\/h1>\t\t\t\t<\/div>\n\t\t\t\t<\/div>\n\t\t\t\t\t<\/div>\n\t\t<\/div>\n\t\t\t\t<div class=\"elementor-column elementor-col-50 elementor-inner-column elementor-element elementor-element-4b9d036\" data-id=\"4b9d036\" data-element_type=\"column\" data-e-type=\"column\">\n\t\t\t<div class=\"elementor-widget-wrap\">\n\t\t\t\t\t\t\t<\/div>\n\t\t<\/div>\n\t\t\t\t\t<\/div>\n\t\t<\/section>\n\t\t\t\t\t<\/div>\n\t\t<\/div>\n\t\t\t\t\t<\/div>\n\t\t<\/section>\n\t\t\t\t<section class=\"elementor-section elementor-top-section elementor-element elementor-element-507be95 elementor-section-boxed elementor-section-height-default elementor-section-height-default elementor-invisible\" data-id=\"507be95\" data-element_type=\"section\" data-e-type=\"section\" data-settings=\"{&quot;background_background&quot;:&quot;classic&quot;,&quot;animation&quot;:&quot;fadeInUp&quot;}\">\n\t\t\t\t\t\t<div class=\"elementor-container elementor-column-gap-default\">\n\t\t\t\t\t<div class=\"elementor-column elementor-col-100 elementor-top-column elementor-element elementor-element-02a3d3c\" data-id=\"02a3d3c\" data-element_type=\"column\" data-e-type=\"column\">\n\t\t\t<div class=\"elementor-widget-wrap elementor-element-populated\">\n\t\t\t\t\t\t<div class=\"elementor-element elementor-element-fcdcc37 elementor-widget elementor-widget-image\" data-id=\"fcdcc37\" data-element_type=\"widget\" data-e-type=\"widget\" data-widget_type=\"image.default\">\n\t\t\t\t<div class=\"elementor-widget-container\">\n\t\t\t\t\t\t\t\t\t\t\t\t\t\t\t<img fetchpriority=\"high\" decoding=\"async\" width=\"800\" height=\"436\" src=\"https:\/\/medculturecapital.com\/wp-content\/uploads\/2024\/11\/tetouan-matera-1024x558.png\" class=\"attachment-large size-large wp-image-1657\" alt=\"\" srcset=\"https:\/\/medculturecapital.com\/wp-content\/uploads\/2024\/11\/tetouan-matera-1024x558.png 1024w, https:\/\/medculturecapital.com\/wp-content\/uploads\/2024\/11\/tetouan-matera-300x163.png 300w, https:\/\/medculturecapital.com\/wp-content\/uploads\/2024\/11\/tetouan-matera-768x418.png 768w, https:\/\/medculturecapital.com\/wp-content\/uploads\/2024\/11\/tetouan-matera-1536x836.png 1536w, https:\/\/medculturecapital.com\/wp-content\/uploads\/2024\/11\/tetouan-matera-2048x1115.png 2048w\" sizes=\"(max-width: 800px) 100vw, 800px\" \/>\t\t\t\t\t\t\t\t\t\t\t\t\t\t\t<\/div>\n\t\t\t\t<\/div>\n\t\t\t\t\t<\/div>\n\t\t<\/div>\n\t\t\t\t\t<\/div>\n\t\t<\/section>\n\t\t\t\t<section class=\"elementor-section elementor-top-section elementor-element elementor-element-a37721a elementor-section-boxed elementor-section-height-default elementor-section-height-default elementor-invisible\" data-id=\"a37721a\" data-element_type=\"section\" data-e-type=\"section\" data-settings=\"{&quot;background_background&quot;:&quot;classic&quot;,&quot;animation&quot;:&quot;fadeInUp&quot;}\">\n\t\t\t\t\t\t<div class=\"elementor-container elementor-column-gap-default\">\n\t\t\t\t\t<div class=\"elementor-column elementor-col-100 elementor-top-column elementor-element elementor-element-1221a3d\" data-id=\"1221a3d\" data-element_type=\"column\" data-e-type=\"column\">\n\t\t\t<div class=\"elementor-widget-wrap elementor-element-populated\">\n\t\t\t\t\t\t<section class=\"elementor-section elementor-inner-section elementor-element elementor-element-9a8ec05 elementor-section-boxed elementor-section-height-default elementor-section-height-default\" data-id=\"9a8ec05\" data-element_type=\"section\" data-e-type=\"section\">\n\t\t\t\t\t\t<div class=\"elementor-container elementor-column-gap-default\">\n\t\t\t\t\t<div class=\"elementor-column elementor-col-50 elementor-inner-column elementor-element elementor-element-aa89304\" data-id=\"aa89304\" data-element_type=\"column\" data-e-type=\"column\">\n\t\t\t<div class=\"elementor-widget-wrap elementor-element-populated\">\n\t\t\t\t\t\t<div class=\"elementor-element elementor-element-1f3f54a elementor-widget__width-initial elementor-widget elementor-widget-text-editor\" data-id=\"1f3f54a\" data-element_type=\"widget\" data-e-type=\"widget\" data-widget_type=\"text-editor.default\">\n\t\t\t\t<div class=\"elementor-widget-container\">\n\t\t\t\t\t\t\t\t\t<h2><strong>T\u00c9TOUAN, Maroc<\/strong><\/h2><p><strong>Au carrefour des civilisations, T\u00e9touan refl\u00e8te l\u2019h\u00e9ritage riche en \u00e9changes culturels, en r\u00e9silience et en histoire qui caract\u00e9rise le bassin m\u00e9diterran\u00e9en. V\u00e9ritable bastion du patrimoine andalou et du dialogue interculturel, et avec sa m\u00e9dina class\u00e9e au patrimoine mondial de l\u2019UNESCO depuis 1997, T\u00e9touan se distingue par son architecture traditionnelle unique et ses legs historiques, en parfaite ad\u00e9quation avec son statut de Capitale M\u00e9diterran\u00e9enne de la Culture et du Dialogue 2026, aux c\u00f4t\u00e9s de Matera.<\/strong><\/p><ul><li><strong>T\u00e9touan incarne l\u2019essence m\u00eame de la M\u00e9diterran\u00e9e<\/strong>, avec une histoire profond\u00e9ment li\u00e9e aux grandes civilisations anciennes et modernes, des Carthaginois et Romains \u00e0 l\u2019\u00e9poque islamique. La ville a su pr\u00e9server son architecture andalouse et ses m\u00e9tiers d\u2019artisanat, t\u00e9moins de son patrimoine multiculturel et de son r\u00f4le historique de pont entre le sud et le nord de la M\u00e9diterran\u00e9e.<\/li><li><strong>T\u00e9touan contribue activement au dialogue euro-m\u00e9diterran\u00e9en<\/strong> \u00e0 travers de nombreux partenariats et projets culturels. La ville s\u2019engage dans des initiatives internationales qui illustrent sa volont\u00e9 de renforcer les liens culturels et de promouvoir le d\u00e9veloppement durable. Cette ambition s\u2019exprime dans son agenda culturel, con\u00e7u pour r\u00e9unir artistes, intellectuels et communaut\u00e9s autour de la c\u00e9l\u00e9bration de la diversit\u00e9 culturelle.<\/li><li><strong>Le programme mettra \u00e0 l\u2019honneur<\/strong> des collaborations entre artistes locaux et cr\u00e9ateurs culturels de la r\u00e9gion euro-m\u00e9diterran\u00e9enne. Des expositions num\u00e9riques, des discussions en ligne et des r\u00e9cits immersifs stimuleront la participation et \u00e9tabliront des partenariats solides avec des organisations culturelles d\u2019autres pays m\u00e9diterran\u00e9ens. Le Conseil municipal de T\u00e9touan travaillera \u00e9troitement avec Matera pour organiser des expositions, des \u00e9changes artistiques et des \u00e9v\u00e9nements conjoints, rapprochant ainsi les deux villes.<\/li><\/ul>\t\t\t\t\t\t\t\t<\/div>\n\t\t\t\t<\/div>\n\t\t\t\t\t<\/div>\n\t\t<\/div>\n\t\t\t\t<div class=\"elementor-column elementor-col-50 elementor-inner-column elementor-element elementor-element-876ec8f\" data-id=\"876ec8f\" data-element_type=\"column\" data-e-type=\"column\">\n\t\t\t<div class=\"elementor-widget-wrap elementor-element-populated\">\n\t\t\t\t\t\t<div class=\"elementor-element elementor-element-f4a7fe7 elementor-widget elementor-widget-text-editor\" data-id=\"f4a7fe7\" data-element_type=\"widget\" data-e-type=\"widget\" data-widget_type=\"text-editor.default\">\n\t\t\t\t<div class=\"elementor-widget-container\">\n\t\t\t\t\t\t\t\t\t<h2><strong>MATERA, Italie<\/strong><\/h2><p><strong>C\u00e9l\u00e8bre pour son parcours en tant que Capitale europ\u00e9enne de la culture en 2019, Matera aspire d\u00e9sormais \u00e0 devenir l\u2019une des Capitales m\u00e9diterran\u00e9ennes de la culture en 2026. S\u2019appuyant sur son riche patrimoine et le succ\u00e8s de son programme culturel de 2019, Matera est d\u00e9termin\u00e9e \u00e0 transmettre son h\u00e9ritage d\u2019inclusivit\u00e9, d\u2019int\u00e9gration sociale et de collaboration artistique. Le programme propos\u00e9 pour 2026, intitul\u00e9 \u00ab Terre Immerse \u00bb, met en avant les profondes connexions culturelles et historiques qui unissent la M\u00e9diterran\u00e9e, m\u00eame dans des r\u00e9gions sans acc\u00e8s direct \u00e0 la mer. Matera r\u00e9unira des communaut\u00e9s diverses du sud de l\u2019Italie et d\u2019autres r\u00e9gions, favorisant le dialogue, le partage des savoirs et l\u2019innovation cr\u00e9ative dans l\u2019ensemble de la r\u00e9gion euro-m\u00e9diterran\u00e9enne.<\/strong><\/p><ul><li><p><strong>L\u2019histoire de Matera est un mod\u00e8le de r\u00e9silience<\/strong>, incarn\u00e9e par la r\u00e9habilitation des Sassi gr\u00e2ce \u00e0 des efforts collectifs et visionnaires. Cette transformation, reconnue par l\u2019UNESCO en 1993, met en lumi\u00e8re des pratiques durables qui conjuguent pr\u00e9servation et innovation. Le programme de Matera comprendra des ateliers et des expositions ax\u00e9s sur ces techniques de r\u00e9g\u00e9n\u00e9ration, comme les syst\u00e8mes de conservation des eaux de pluie et la construction en pierre s\u00e8che.<\/p><p><strong>Matera est devenue un v\u00e9ritable centre culturel<\/strong> gr\u00e2ce \u00e0 l\u2019engagement de sa communaut\u00e9 envers l\u2019art et la tradition. Le programme 2026 inclura des festivals artistiques, des projections de films et des performances en hommage \u00e0 l\u2019h\u00e9ritage de Matera. Des artistes et intellectuels m\u00e9diterran\u00e9ens participeront \u00e0 des r\u00e9sidences th\u00e9matiques et \u00e0 des projets transfrontaliers, favorisant des r\u00e9cits culturels communs qui approfondissent les liens et la compr\u00e9hension mutuelle.<\/p><p><strong>L\u2019inclusivit\u00e9 et la participation citoyenne<\/strong> sont au c\u0153ur de la mission de Matera. La ville valorisera des \u00e9v\u00e9nements participatifs, tels que des forums publics et des installations communautaires, pour mettre en avant les voix locales et inspirer des actions collectives. Les partenariats avec d\u2019autres villes m\u00e9diterran\u00e9ennes encourageront le partage des savoirs sur le d\u00e9veloppement durable, la culture et la technologie, consolidant le r\u00f4le de Matera en tant que pont de dialogue et de coop\u00e9ration.<\/p><\/li><\/ul>\t\t\t\t\t\t\t\t<\/div>\n\t\t\t\t<\/div>\n\t\t\t\t\t<\/div>\n\t\t<\/div>\n\t\t\t\t\t<\/div>\n\t\t<\/section>\n\t\t\t\t\t<\/div>\n\t\t<\/div>\n\t\t\t\t\t<\/div>\n\t\t<\/section>\n\t\t\t\t<section class=\"elementor-section elementor-top-section elementor-element elementor-element-8761518 elementor-section-boxed elementor-section-height-default elementor-section-height-default\" data-id=\"8761518\" data-element_type=\"section\" data-e-type=\"section\" data-settings=\"{&quot;background_background&quot;:&quot;classic&quot;}\">\n\t\t\t\t\t\t<div class=\"elementor-container elementor-column-gap-default\">\n\t\t\t\t\t<div class=\"elementor-column elementor-col-100 elementor-top-column elementor-element elementor-element-e9e69a4\" data-id=\"e9e69a4\" data-element_type=\"column\" data-e-type=\"column\">\n\t\t\t<div class=\"elementor-widget-wrap\">\n\t\t\t\t\t\t\t<\/div>\n\t\t<\/div>\n\t\t\t\t\t<\/div>\n\t\t<\/section>\n\t\t\t\t<\/div>\n\t\t","protected":false},"excerpt":{"rendered":"<p>D\u00e9couvrez les capitales m\u00e9diterran\u00e9ennes de la culture et du dialogue 2026 T\u00c9TOUAN, Maroc Au carrefour des civilisations, T\u00e9touan refl\u00e8te l\u2019h\u00e9ritage riche en \u00e9changes culturels, en r\u00e9silience et en histoire qui caract\u00e9rise le bassin m\u00e9diterran\u00e9en. V\u00e9ritable bastion du patrimoine andalou et du dialogue interculturel, et avec sa m\u00e9dina class\u00e9e au patrimoine mondial de l\u2019UNESCO depuis 1997, [&hellip;]<\/p>\n","protected":false},"author":1,"featured_media":0,"parent":0,"menu_order":0,"comment_status":"closed","ping_status":"closed","template":"","meta":{"footnotes":""},"class_list":["post-1662","page","type-page","status-publish","hentry"],"_links":{"self":[{"href":"https:\/\/medculturecapital.com\/fr\/wp-json\/wp\/v2\/pages\/1662","targetHints":{"allow":["GET"]}}],"collection":[{"href":"https:\/\/medculturecapital.com\/fr\/wp-json\/wp\/v2\/pages"}],"about":[{"href":"https:\/\/medculturecapital.com\/fr\/wp-json\/wp\/v2\/types\/page"}],"author":[{"embeddable":true,"href":"https:\/\/medculturecapital.com\/fr\/wp-json\/wp\/v2\/users\/1"}],"replies":[{"embeddable":true,"href":"https:\/\/medculturecapital.com\/fr\/wp-json\/wp\/v2\/comments?post=1662"}],"version-history":[{"count":10,"href":"https:\/\/medculturecapital.com\/fr\/wp-json\/wp\/v2\/pages\/1662\/revisions"}],"predecessor-version":[{"id":1810,"href":"https:\/\/medculturecapital.com\/fr\/wp-json\/wp\/v2\/pages\/1662\/revisions\/1810"}],"wp:attachment":[{"href":"https:\/\/medculturecapital.com\/fr\/wp-json\/wp\/v2\/media?parent=1662"}],"curies":[{"name":"wp","href":"https:\/\/api.w.org\/{rel}","templated":true}]}}